{"id":3998,"date":"2015-10-03T10:49:29","date_gmt":"2015-10-03T08:49:29","guid":{"rendered":"https:\/\/www.empirica-systeme.de\/?page_id=3998\/"},"modified":"2022-08-23T08:50:36","modified_gmt":"2022-08-23T06:50:36","slug":"datenschutz","status":"publish","type":"page","link":"https:\/\/www.value-marktdaten.de\/en\/datenschutz\/","title":{"rendered":"Datenschutzerkl\u00e4rung"},"content":{"rendered":"<h3>1. Allgemeines<\/h3>\n<p>Wir freuen uns sehr \u00fcber Ihr Interesse an unserem Unternehmen. Datenschutz hat bei uns einen besonders hohen Stellenwert. In dieser Datenschutzerkl\u00e4rung informieren wie Sie \u00fcber die Datenverarbeitung in unserem Unternehmen, soweit diese Datenverarbeitung auch Ihre Daten betrifft.<\/p>\n<p>Sofern Sie zun\u00e4chst eine Einf\u00fchrung in das Thema Datenschutz und allgemeine Informationen zu den in der Datenschutz-Grundverordnung verwendeten Begriffen w\u00fcnschen, finden Sie beispielsweise auf dem Internetauftritt des Bundesdatenschutzbeauftragten, abrufbar unter <a href=\"https:\/\/www.bfdi.bund.de\/DE\/Home\/home_node.html\" target=\"_blank\" rel=\"noopener noreferrer\">bfdi.bund.de<\/a>, eine Vielzahl weiterer Hinweise.<\/p>\n<h3>2. Informationen zum Verantwortlichen<\/h3>\n<p>2.1 Verantwortlich f\u00fcr die Verarbeitung Ihrer personenbezogenen Daten ist die Value AG the valuation group, Heidestra\u00dfe 8, 10557, Berlin. Sie erreichen uns zu allgemeinen Fragen per E-Mail an <a href=\"mailto:info@value-marktdaten.de\" target=\"_blank\" rel=\"noopener noreferrer\">info@value-marktdaten.de<\/a>. Weitere Informationen finden Sie auch auf unserer Webseite unter <a href=\"https:\/\/www.value.ag\" target=\"_blank\" rel=\"noopener noreferrer\">www.value.ag.<\/a><\/p>\n<p>2.2 Bei Fragen zum Datenschutz oder zur Aus\u00fcbung Ihrer Rechte nach dem Datenschutzrecht (siehe Ziffer 4) erreichen Sie die <strong>Datenschutzbeauftragten <\/strong>unter <strong><a href=\"mailto:datenschutz@value-ag.de\">datenschutz@value-ag.de<\/a><\/strong><\/p>\n<h3>3. T\u00e4tigkeiten, bei denen wir Ihre personenbezogenen Daten verarbeiten<\/h3>\n<h4>3.1 Besuch unserer Webseite (ohne Anmeldung)<\/h4>\n<p>Wenn Sie unsere Webseite besuchen, ohne sich anzumelden, zu registrieren oder sonst Eingabefelder auf der Webseite auszuf\u00fcllen, verarbeiten wir Ihre personenbezogenen Daten wie folgt:<\/p>\n<p>3.1.1. Zum Zweck der <strong>Bereitstellung unserer Webseite<\/strong> verarbeiten wir die IP-Adresse, Zugriffszeitpunkt, <a href=\"https:\/\/de.wikipedia.org\/wiki\/Referrer\" target=\"_blank\" rel=\"noopener noreferrer\">Referrer-Link<\/a> und den Suchbegriff, \u00fcber den Sie auf unsere Webseite gelangt sind, Informationen zu Browser, Betriebssystem, Spracheinstellung und Bildschirmaufl\u00f6sung aller Webseitenbesucher. Die Verarbeitung ist zur Erm\u00f6glichung der Nutzung unserer Webseite technisch erforderlich (Art. 6 Abs. 1 b DS-GVO). Die Daten werden nach dem Ende Ihres Besuchs unserer Webseite gel\u00f6scht, soweit nicht einzelne Daten f\u00fcr einen der nachfolgend genannten Zwecke weiterverarbeitet werden.<\/p>\n<p>3.1.2. Zum Zweck der <strong>Erkennung und Abwehr von Angriffen<\/strong> auf unsere Webseite und die technische Infrastruktur (z.B. Hacking, Denial-of-Service-Angriff) verarbeiten wir die IP-Adressen, Zugriffszeitpunkt, aufgerufene Unterseite(n) und \u00fcbertragenes Datenvolumen aller Webseitenbesucher. Die Verarbeitung dient der Erf\u00fcllung unserer rechtlichen Pflicht zur Ergreifung von Schutzma\u00dfnahmen (Art. 6 Abs. 1 c DS-GVO). Die Daten werden sieben (7) Tage nach Ende Ihres Besuchs unserer Webseite gel\u00f6scht, sofern kein Angriffsversuch erkannt wird. Im Falle eines erkannten Angriffsversuchs von Ihrem Anschluss aus werden die Daten f\u00fcr die vollst\u00e4ndige technische und ggf. juristische Aufarbeitung weiterverarbeitet.<\/p>\n<p><a id=\"ds_cookie\"><\/a><br \/>\n3.1.3 F\u00fcr die Bereitstellung einer personalisierten Darstellung unserer Webseite speichern wir funktional notwendige <a href=\"https:\/\/de.wikipedia.org\/wiki\/HTTP-Cookie\" target=\"_blank\" rel=\"noopener noreferrer\"><strong>Cookies<\/strong><\/a> auf den Endger\u00e4ten der Webseitenbesucher. Diese Cookies enthalten folgende Daten: Aufgerufene Kategorie der Webseite, Spracheinstellung. Die Verarbeitung ist zur Erm\u00f6glichung der Nutzung unserer Webseite technisch erforderlich (Art. 6 Abs. 1 b DS-GVO).<\/p>\n<p>S\u00e4mtliche Cookies werden entsprechend der in Ihrem Web-Browser hinterlegten Einstellungen zugelassen, blockiert und gel\u00f6scht (z. B. beim Schlie\u00dfen des Browser-Fensters). Werden Cookies f\u00fcr unsere Website deaktiviert, k\u00f6nnen m\u00f6glicherweise nicht mehr alle Funktionen der Website vollumf\u00e4nglich genutzt werden.<br \/>\n<a id=\"ds_kontakt\"><\/a><\/p>\n<h4>3.2. Kontaktformular auf unserer Webseite<\/h4>\n<p>Zum Zweck der Bereitstellung einer Kontaktaufnahmem\u00f6glichkeit zur Gesch\u00e4ftsanbahnung und Beantwortung allgemeiner Fragen verarbeiten wir die folgenden im Kontaktformular eingegebenen Daten: Name, Vorname, E-Mail-Adresse, Telefonnummer, IP-Adresse, Betreff und Nachricht zum Anliegen. Diese Daten werden nur verarbeitet, um das jeweilige Anliegen des Anfragenden zu bearbeiten, die Pflichtinformationen (Name und E-Mail-Adresse) sind erforderlich, um die Anfrage ggf. einem bestehenden Vertragsverh\u00e4ltnis zuordnen und dem Anfragenden mit pers\u00f6nlicher Anrede antworten zu k\u00f6nnen. Eine weitere Verarbeitung (z.B. zur \u00dcbermittlung von Werbung) findet nur dann statt, wenn das Anliegen dies erfordert (z.B. bei bekundetem Interesse an den Produkten, aber nicht einer Supportanfrage). Die Verarbeitung ist zur Vertragsdurchf\u00fchrung bzw. Vertragserf\u00fcllung erforderlich (Art. 6 Abs. 1 b DS-GVO). Die Verarbeitung wird unverz\u00fcglich nach Abschluss der Bearbeitung des Anliegens des Anfragenden eingeschr\u00e4nkt auf die Erf\u00fcllung gesetzlicher, insbesondere handels- und steuerrechtlicher Aufbewahrungspflichten, und nach Ende der letzten Aufbewahrungsfrist automatisch gel\u00f6scht.<\/p>\n<h4>3.3. Nutzung unserer Dienste: VALUE Analyst und VALUE AVM<\/h4>\n<p>3.3.1. Zum Zweck der <strong>Bereitstellung der Dienste &#8220;VALUE Analyst&#8221; (ehemals \u201e<a href=\"https:\/\/analyst.value-marktdaten.de\/\" target=\"_blank\" rel=\"noopener noreferrer\">empirica-systeme Analyst<\/a>\u201c) sowie der VALUE AVM und der Erf\u00fcllung der diesbez\u00fcglichen Nutzungsverh\u00e4ltnisse<\/strong> verarbeiten wir die folgenden Daten aller Nutzer des Dienstes: Webseiten Cookie, IP-Adresse, Nutzerkennung und Passwort, Nutzungsdaten (Abfragen), und vom Nutzer hinterlegte Objektadressen zu Immobilien. Diese Daten werden verarbeitet, um die Benutzerverwaltung und Authentifizierung des Dienstes zu realisieren, den Dienst weiterzuentwickeln, Support zu bisherigen Abfragen zu leisten, die Performance f\u00fcr zuk\u00fcnftige Abfragen zu optimieren (Caching), sowie zur physischen Speicherung der Abfragen zu Dokumentationszwecken des Nutzers. Die Verarbeitung ist zur Vertragsdurchf\u00fchrung bzw. Vertragserf\u00fcllung erforderlich (Art. 6 Abs. 1 b DS-GVO). Die Daten werden binnen 90 Tagen nach dem Ende des Nutzungsverh\u00e4ltnisses gel\u00f6scht, sofern s\u00e4mtliche wechselseitigen Forderungen erf\u00fcllt sind und der Nutzer der L\u00f6schung der Daten nicht ausdr\u00fccklich widersprochen hat.<\/p>\n<p>3.3.2. Wir verarbeiten zu <strong>Abrechnungszwecken<\/strong> (Rechnungstellung) den Namen, Vornamen, die Postanschrift, Kundennummer, E-Mail-Adresse, ausstehenden Zahlungsbetrag, genutzte Leistungen und Leistungszeitr\u00e4ume. Wir \u00fcbermitteln die vollst\u00e4ndigen Rechnungen mit den vorgenannten personenbezogenen Daten zum Zweck der <strong>Buchhaltung<\/strong>, Erstellung von betriebswirtschaftlichen Auswertungen und Handelsb\u00fcchern, sowie zur Buch- und Steuerpr\u00fcfung an die von uns beauftragten Steuerberater und Wirtschaftspr\u00fcfer [WP und StB Wilms Brunnenallee 16 | 53177 Bonn]. Diese \u00dcbermittlung und Verarbeitung ist zur Erf\u00fcllung gesetzlicher Pflichten erforderlich (Art. 6 Abs. 1 c DS-GVO). Im Fall von <strong>Zahlungsverzug oder Zahlungsausf\u00e4llen<\/strong> \u00fcbermitteln wir zur weitergehenden rechtlichen Durchsetzung von Anspr\u00fcchen s\u00e4mtliche Nutzungs- und Abrechnungsdaten an einen Rechtsvertreter. Die Verarbeitung ist zur Vertragsdurchf\u00fchrung bzw. Vertragserf\u00fcllung erforderlich (Art. 6 Abs. 1 b DS-GVO). Die Verarbeitung der vorbezeichneten Daten wird unverz\u00fcglich nach Erf\u00fcllung aller gegenseitigen Anspr\u00fcche eingeschr\u00e4nkt auf die Erf\u00fcllung gesetzlicher, insbesondere handels- und steuerrechtlicher Aufbewahrungspflichten, und die Daten nach Ende der letzten Aufbewahrungsfrist automatisch gel\u00f6scht.<\/p>\n<p>3.3.3. Zur <strong>Werbung f\u00fcr Produkte unseres Unternehmens<\/strong> mittels Telefon, Briefpost und E-Mail verarbeiten wir den Namen, Vornamen, Position im Unternehmen, Postanschrift, E-Mail-Adresse, Telefonnummer, Daten \u00fcber die bisherige Inanspruchnahme unserer Produkte und Leistungen, und Daten zu den Interessen (soweit mitgeteilt) unserer Bestandskunden. Wir informieren Bestandskunden in unregelm\u00e4\u00dfigen Abst\u00e4nden \u00fcber Neuerungen in unseren Produkten, zu unserem Unternehmen, und allgemeine Entwicklungen mit Relevanz f\u00fcr unsere Produkte. Die Verarbeitung ist zur Wahrung unseres \u00fcberwiegenden berechtigten Interesses (Art. 6 Abs. 1 f DS-GVO) erforderlich, unseren Kunden Direktwerbung f\u00fcr unsere Produkte zu unterbreiten und damit den Absatz unserer Produkte zu erh\u00f6hen. Die Datenverarbeitung zur Direktwerbung findet nur dann statt, wenn der Kunde dem nicht widersprochen hat und nur in dem Umfang, mit dem der Kunde im Rahmen der Vertragsbeziehung rechnen kann, ohne dass deswegen von einer unzumutbaren Bel\u00e4stigung auszugehen ist. Die Daten werden f\u00fcr die Verarbeitung zur Direktwerbung gesperrt, nachdem der Anfragende seinen Widerspruch gegen den Erhalt von Direktwerbung zu unseren Produkten erkl\u00e4rt hat.<\/p>\n<h4>3.4. Bearbeitung von Telefonanfragen<\/h4>\n<p>Zur <strong>Bearbeitung allgemeiner telefonischer Anfragen<\/strong> und zur <strong>Beantwortung telefonischer Kunden-Supportanfragen<\/strong> verarbeiten wir Namen, Vornamen, Telefonnummer, Kundennummer des Anrufers, die weiteren telefonisch vom Anrufer mitgeteilten personenbezogenen Daten sowie Angaben zum Inhalt der telefonischen Anfrage. Diese Daten werden durch unseren Auftragsverarbeiter ebuero AG (Hauptstr. 8 im Meisenbachhaus 10827 Berlin) erhoben und an uns \u00fcbermittelt. Die Verarbeitung ist zur Vertragsdurchf\u00fchrung bzw. Vertragserf\u00fcllung erforderlich (Art. 6 Abs. 1 b DS-GVO). Je nach Inhalt des Anliegens wird die Verarbeitung unverz\u00fcglich nach Abschluss der Bearbeitung des Anliegens des Anfragenden eingeschr\u00e4nkt auf die Verarbeitung f\u00fcr den spezifischen Zweck des Anliegens (z. B. Nutzung unserer Produkte durch den Kunden, Werbung f\u00fcr unsere Leistungen im Rahmen der Neukundenakquise). Nach der Erf\u00fcllung des jeweiligen Zwecks sowie aller gesetzlichen, insbesondere handels- und steuerrechtlichen Aufbewahrungspflichten werden die Daten manuell gel\u00f6scht.<\/p>\n<h4>3.5. Neukundenakquise<\/h4>\n<p>Zur <strong>Werbung f\u00fcr Produkte unseres Unternehmens<\/strong> mittels Telefon, Briefpost, E-Mail sowie elektronischer Nachrichten \u00fcber die Plattformen Xing, LinkedIn und Twitter verarbeiten wir von Mitarbeitern potentieller Kunden den Namen, Vornamen, Postanschrift, E-Mail-Adresse, Telefonnummer, elektronische Kennung auf der jeweils genutzten Plattform, die Position im Unternehmen und die zur Verf\u00fcgung stehenden Informationen zum spezifischen Interesse des Unternehmens an unseren Produkten und Leistungen. Soweit wir diese Daten nicht von dem (Vertreter eines) potentiellen Kunden selbst erhalten haben (z. B. als Kontakt auf einer Messe oder Veranstaltung, \u00fcber das Kontaktformular der Webseite oder im Rahmen eines Anrufs \u00fcber die beauftragte ebuero AG), erheben wir die Daten \u00fcber die jeweils genutzte Plattform (Xing, LinkedIn oder Twitter), soweit diese dort allgemein sichtbar sind oder freigegeben wurden, sowie aus \u00f6ffentlichen Verzeichnissen. Die Verarbeitung ist zur Wahrung unseres \u00fcberwiegenden berechtigten Interesses (Art. 6 Abs. 1 f DS-GVO) erforderlich, unseren Kunden Direktwerbung f\u00fcr unsere Produkte zu unterbreiten und damit den Absatz unserer Produkte zu erh\u00f6hen. Die Datenverarbeitung zur Direktwerbung findet nur dann statt, wenn dem nicht widersprochen wurde und nur in dem Umfang, mit dem der potentielle Kunde im Rahmen der Vertragsbeziehung rechnen kann, ohne dass deswegen von einer unzumutbaren Bel\u00e4stigung auszugehen ist. Die Daten werden gel\u00f6scht bzw. die Verbindung auf den Plattformen Xing, Twitter bzw. LinkedIn beendet, wenn der Mitarbeiter unserer Ansprache zu Werbezwecken widerspricht. Die Daten werden ferner manuell nach Entscheidung der Abteilung Vertrieb gel\u00f6scht, wenn w\u00e4hrend des Konversationsverlaufs entweder endg\u00fcltig klargestellt wird, dass an den Produkten und Leistungen unseres Unternehmens weder gegenw\u00e4rtig noch zuk\u00fcnftig Interesse besteht, oder wenn nach dem Ausbleiben einer Reaktion des potentiellen Kunden so viel Zeit vergangen ist, dass endg\u00fcltig nicht mehr mit einer Reaktion zu rechnen ist.<\/p>\n<h4>3.6. Bewerbungsverfahren<\/h4>\n<p>Wenn Sie Interesse an einer Mitarbeit in unserem Unternehmen haben, k\u00f6nnen Sie Ihre Bewerbungsunterlagen per E-Mail [bitte nutzen Sie ausschlie\u00dflich in der Stellenausschreibung angegebene e-mail Adresse] oder postalisch an die unter Ziffer 2.1 dieser Datenschutzerkl\u00e4rung benannte Adresse \u00fcbermitteln. Die personenbezogenen Daten, die Sie uns dadurch \u00fcbermitteln, verwenden wir ausschlie\u00dflich zur Bearbeitung Ihrer Bewerbung. Im Rahmen des Bewerbungsverfahrens leiten wir Ihre Daten an die entsprechende interne Abteilung weiter, auf die sich die Bewerbung bezieht. Eine Verwendung Ihrer Daten f\u00fcr andere Zwecke, die nicht in Zusammenhang mit der Bewerbung stehen, und insbesondere die \u00dcbermittlung an dritte Unternehmen, erfolgt nicht. Wir verarbeiten Ihre Daten zum Zwecke der Entscheidungsfindung \u00fcber die Begr\u00fcndung eines Besch\u00e4ftigungsverh\u00e4ltnisses (\u00a7 26 Abs. 1 BDSG 2018). Sofern wir Sie bei der Besetzung der Stelle nicht ber\u00fccksichtigen k\u00f6nnen, speichern wir Ihre Bewerbungsdaten f\u00fcr die Dauer der anwendbaren gesetzlichen Fristen und l\u00f6schen Ihre Bewerbungsdaten nach Ablauf von sechs Monaten ab Zugang der Absage. Eine weitere Speicherung, etwa zur Ber\u00fccksichtigung bei zuk\u00fcnftig entstehenden Vakanzen erfolgt nur, wenn Sie vorab ausdr\u00fccklich in diese Speicherung einwilligen.<br \/>\nF\u00fcr eine Bewerbung per Post oder unter Verwendung des Kontaktformulars gilt hinsichtlich der Datenverarbeitung das gleiche wie f\u00fcr eine Bewerbung mittels E-Mail. F\u00fcr Datenverarbeitung aufgrund einer telefonischen Anfrage gelten die Ausf\u00fchrungen nach Ziffer 3.4 dieser Datenschutzerkl\u00e4rung entsprechend.<\/p>\n<h3>4. Auftragsverarbeitung<\/h3>\n<p>Wir nehmen f\u00fcr s\u00e4mtliche der in Ziffer 3 aufgef\u00fchrten Verarbeitungst\u00e4tigkeiten Leistungen der Hetzner Online GmbH, Industriestra\u00dfe 25, 91710 Gunzenhausen als Auftragsverarbeiter (Art. 28 DS-GVO) in Anspruch. S\u00e4mtliche personenbezogene Daten, die f\u00fcr diese T\u00e4tigkeiten verarbeitet werden, werden an den Auftragsverarbeiter \u00fcbermittelt. Der Standort der eingesetzten Server ist in Deutschland.<\/p>\n<h3>5. Ihre Rechte als von der Datenverarbeitung betroffene Person<\/h3>\n<p>5.1. Ihre Rechte uns gegen\u00fcber k\u00f6nnen jederzeit per Post an unsere oben in Ziffer 2.1 genannte Anschrift oder per E-Mail an die oben in Ziffer 2.2 genannte E-Mail Adresse geltend machen. Bitte haben Sie Verst\u00e4ndnis daf\u00fcr, dass wir telefonisch keine Anfragen zu personenbezogenen Daten bearbeiten, da in der Regel die Identit\u00e4t des Anrufers nicht mit hinreichender Sicherheit festgestellt werden kann.<\/p>\n<p>5.2. Sie haben uns gegen\u00fcber hinsichtlich der Sie betreffenden personenbezogenen Daten folgende Rechte:<\/p>\n<p>5.2.1. Sie k\u00f6nnen Ihr <strong>Recht auf Auskunft<\/strong> (Art. 15 DS-GVO), <strong>Recht auf Berichtigung<\/strong> (Art. 16 DS-GVO), <strong>Recht auf L\u00f6schung<\/strong> (Art. 17 DS-GVO) und <strong>Recht auf Einschr\u00e4nkung der Verarbeitung<\/strong>, d. h. Sperrung f\u00fcr bestimmte Zwecke (Art. 18 DS-GVO) bei Vorliegen der jeweiligen gesetzlichen Voraussetzungen jederzeit uns gegen\u00fcber geltend machen.<\/p>\n<p>5.2.2. Ihr <strong>Recht auf Daten\u00fcbertragbarkeit<\/strong> (Art. 20 DS-GVO) sieht ferner vor, dass Sie bei Vorliegen der gesetzlichen Voraussetzungen verlangen k\u00f6nnen, dass wir Ihnen \u2013 oder soweit technisch machbar einem von Ihnen benannten anderen Verantwortlichen \u2013 die Sie betreffenden personenbezogenen Daten in einem strukturierten, g\u00e4ngigen und maschinenlesbaren Format zu \u00fcbermitteln.<\/p>\n<p>5.2.3. <span style=\"color: #6600e2;\">Sie haben ein Recht zum <strong>Widerspruch gegen die Verarbeitung<\/strong> (Art. 21 DS-GVO) zu bestimmten Verarbeitungszwecken, insbesondere Werbezwecken. Soweit wir eine Verarbeitung Ihrer Daten auf der Grundlage einer Interessenabw\u00e4gung (gem. Art. 6 Abs. 1 f DS-GVO) vornehmen, haben Sie jederzeit das Recht, aus Gr\u00fcnden, die sich aus Ihrer besonderen Situation ergeben, gegen diese Verarbeitung Widerspruch einzulegen. Solche Gr\u00fcnde liegen insbesondere vor, wenn diese Ihren Interessen ein besonderes Gewicht verleihen und deswegen unsere Interessen \u00fcberwiegen, beispielsweise dann, wenn uns diese Gr\u00fcnde nicht bekannt sind und daher im Rahmen der Interessenabw\u00e4gung nicht ber\u00fccksichtigt werden konnten.<\/span><\/p>\n<p>5.3. Sie haben zudem das Recht, sich bei Fragen oder Beschwerden hinsichtlich unserer Verarbeitung Ihrer personenbezogenen Daten an die zust\u00e4ndige Datenschutz-Aufsichtsbeh\u00f6rde zu wenden.<\/p>\n<p>&nbsp;<\/p>\n","protected":false},"excerpt":{"rendered":"<p>1. Allgemeines Wir freuen uns sehr \u00fcber Ihr Interesse an unserem Unternehmen. Datenschutz hat bei uns einen besonders hohen Stellenwert. In dieser Datenschutzerkl\u00e4rung informieren wie Sie \u00fcber die Datenverarbeitung in unserem Unternehmen, soweit diese Datenverarbeitung auch Ihre Daten betrifft. Sofern Sie zun\u00e4chst eine Einf\u00fchrung in das Thema Datenschutz und allgemeine Informationen zu den in der&hellip;<\/p>\n","protected":false},"author":1,"featured_media":0,"parent":0,"menu_order":0,"comment_status":"closed","ping_status":"closed","template":"","meta":{"footnotes":""},"class_list":["post-3998","page","type-page","status-publish","hentry"],"yoast_head":"<!-- This site is optimized with the Yoast SEO plugin v27.3 - https:\/\/yoast.com\/product\/yoast-seo-wordpress\/ -->\n<title>Datenschutzerkl\u00e4rung - Value AG the valuation group<\/title>\n<meta name=\"robots\" content=\"index, follow, max-snippet:-1, max-image-preview:large, max-video-preview:-1\" \/>\n<link rel=\"canonical\" href=\"https:\/\/www.value-marktdaten.de\/en\/datenschutz\/\" \/>\n<meta property=\"og:locale\" content=\"en_US\" \/>\n<meta property=\"og:type\" content=\"article\" \/>\n<meta property=\"og:title\" content=\"Datenschutzerkl\u00e4rung - Value AG the valuation group\" \/>\n<meta property=\"og:description\" content=\"1. Allgemeines Wir freuen uns sehr \u00fcber Ihr Interesse an unserem Unternehmen. Datenschutz hat bei uns einen besonders hohen Stellenwert. In dieser Datenschutzerkl\u00e4rung informieren wie Sie \u00fcber die Datenverarbeitung in unserem Unternehmen, soweit diese Datenverarbeitung auch Ihre Daten betrifft. Sofern Sie zun\u00e4chst eine Einf\u00fchrung in das Thema Datenschutz und allgemeine Informationen zu den in der&hellip;\" \/>\n<meta property=\"og:url\" content=\"https:\/\/www.value-marktdaten.de\/en\/datenschutz\/\" \/>\n<meta property=\"og:site_name\" content=\"Value AG the valuation group\" \/>\n<meta property=\"article:modified_time\" content=\"2022-08-23T06:50:36+00:00\" \/>\n<meta name=\"twitter:card\" content=\"summary_large_image\" \/>\n<meta name=\"twitter:site\" content=\"@empiricaSysteme\" \/>\n<meta name=\"twitter:label1\" content=\"Est. reading time\" \/>\n\t<meta name=\"twitter:data1\" content=\"11 minutes\" \/>\n<script type=\"application\/ld+json\" class=\"yoast-schema-graph\">{\"@context\":\"https:\\\/\\\/schema.org\",\"@graph\":[{\"@type\":\"WebPage\",\"@id\":\"https:\\\/\\\/www.value-marktdaten.de\\\/en\\\/datenschutz\\\/\",\"url\":\"https:\\\/\\\/www.value-marktdaten.de\\\/en\\\/datenschutz\\\/\",\"name\":\"Datenschutzerkl\u00e4rung - Value AG the valuation group\",\"isPartOf\":{\"@id\":\"https:\\\/\\\/www.value-marktdaten.de\\\/en\\\/#website\"},\"datePublished\":\"2015-10-03T08:49:29+00:00\",\"dateModified\":\"2022-08-23T06:50:36+00:00\",\"breadcrumb\":{\"@id\":\"https:\\\/\\\/www.value-marktdaten.de\\\/en\\\/datenschutz\\\/#breadcrumb\"},\"inLanguage\":\"en-US\",\"potentialAction\":[{\"@type\":\"ReadAction\",\"target\":[\"https:\\\/\\\/www.value-marktdaten.de\\\/en\\\/datenschutz\\\/\"]}]},{\"@type\":\"BreadcrumbList\",\"@id\":\"https:\\\/\\\/www.value-marktdaten.de\\\/en\\\/datenschutz\\\/#breadcrumb\",\"itemListElement\":[{\"@type\":\"ListItem\",\"position\":1,\"name\":\"Startseite\",\"item\":\"https:\\\/\\\/www.value-marktdaten.de\\\/en\\\/\"},{\"@type\":\"ListItem\",\"position\":2,\"name\":\"Datenschutzerkl\u00e4rung\"}]},{\"@type\":\"WebSite\",\"@id\":\"https:\\\/\\\/www.value-marktdaten.de\\\/en\\\/#website\",\"url\":\"https:\\\/\\\/www.value-marktdaten.de\\\/en\\\/\",\"name\":\"Value AG the valuation group\",\"description\":\"Immobilienmarktdaten f\u00fcr Deutschland\",\"publisher\":{\"@id\":\"https:\\\/\\\/www.value-marktdaten.de\\\/en\\\/#organization\"},\"potentialAction\":[{\"@type\":\"SearchAction\",\"target\":{\"@type\":\"EntryPoint\",\"urlTemplate\":\"https:\\\/\\\/www.value-marktdaten.de\\\/en\\\/?s={search_term_string}\"},\"query-input\":{\"@type\":\"PropertyValueSpecification\",\"valueRequired\":true,\"valueName\":\"search_term_string\"}}],\"inLanguage\":\"en-US\"},{\"@type\":\"Organization\",\"@id\":\"https:\\\/\\\/www.value-marktdaten.de\\\/en\\\/#organization\",\"name\":\"Value AG the valuation group\",\"url\":\"https:\\\/\\\/www.value-marktdaten.de\\\/en\\\/\",\"logo\":{\"@type\":\"ImageObject\",\"inLanguage\":\"en-US\",\"@id\":\"https:\\\/\\\/www.value-marktdaten.de\\\/en\\\/#\\\/schema\\\/logo\\\/image\\\/\",\"url\":\"\",\"contentUrl\":\"\",\"caption\":\"Value AG the valuation group\"},\"image\":{\"@id\":\"https:\\\/\\\/www.value-marktdaten.de\\\/en\\\/#\\\/schema\\\/logo\\\/image\\\/\"},\"sameAs\":[\"https:\\\/\\\/x.com\\\/empiricaSysteme\",\"https:\\\/\\\/www.linkedin.com\\\/company\\\/empirica-systeme-gmbh\"]}]}<\/script>\n<!-- \/ Yoast SEO plugin. -->","yoast_head_json":{"title":"Datenschutzerkl\u00e4rung - Value AG the valuation group","robots":{"index":"index","follow":"follow","max-snippet":"max-snippet:-1","max-image-preview":"max-image-preview:large","max-video-preview":"max-video-preview:-1"},"canonical":"https:\/\/www.value-marktdaten.de\/en\/datenschutz\/","og_locale":"en_US","og_type":"article","og_title":"Datenschutzerkl\u00e4rung - Value AG the valuation group","og_description":"1. Allgemeines Wir freuen uns sehr \u00fcber Ihr Interesse an unserem Unternehmen. Datenschutz hat bei uns einen besonders hohen Stellenwert. In dieser Datenschutzerkl\u00e4rung informieren wie Sie \u00fcber die Datenverarbeitung in unserem Unternehmen, soweit diese Datenverarbeitung auch Ihre Daten betrifft. Sofern Sie zun\u00e4chst eine Einf\u00fchrung in das Thema Datenschutz und allgemeine Informationen zu den in der&hellip;","og_url":"https:\/\/www.value-marktdaten.de\/en\/datenschutz\/","og_site_name":"Value AG the valuation group","article_modified_time":"2022-08-23T06:50:36+00:00","twitter_card":"summary_large_image","twitter_site":"@empiricaSysteme","twitter_misc":{"Est. reading time":"11 minutes"},"schema":{"@context":"https:\/\/schema.org","@graph":[{"@type":"WebPage","@id":"https:\/\/www.value-marktdaten.de\/en\/datenschutz\/","url":"https:\/\/www.value-marktdaten.de\/en\/datenschutz\/","name":"Datenschutzerkl\u00e4rung - Value AG the valuation group","isPartOf":{"@id":"https:\/\/www.value-marktdaten.de\/en\/#website"},"datePublished":"2015-10-03T08:49:29+00:00","dateModified":"2022-08-23T06:50:36+00:00","breadcrumb":{"@id":"https:\/\/www.value-marktdaten.de\/en\/datenschutz\/#breadcrumb"},"inLanguage":"en-US","potentialAction":[{"@type":"ReadAction","target":["https:\/\/www.value-marktdaten.de\/en\/datenschutz\/"]}]},{"@type":"BreadcrumbList","@id":"https:\/\/www.value-marktdaten.de\/en\/datenschutz\/#breadcrumb","itemListElement":[{"@type":"ListItem","position":1,"name":"Startseite","item":"https:\/\/www.value-marktdaten.de\/en\/"},{"@type":"ListItem","position":2,"name":"Datenschutzerkl\u00e4rung"}]},{"@type":"WebSite","@id":"https:\/\/www.value-marktdaten.de\/en\/#website","url":"https:\/\/www.value-marktdaten.de\/en\/","name":"Value AG the valuation group","description":"Immobilienmarktdaten f\u00fcr Deutschland","publisher":{"@id":"https:\/\/www.value-marktdaten.de\/en\/#organization"},"potentialAction":[{"@type":"SearchAction","target":{"@type":"EntryPoint","urlTemplate":"https:\/\/www.value-marktdaten.de\/en\/?s={search_term_string}"},"query-input":{"@type":"PropertyValueSpecification","valueRequired":true,"valueName":"search_term_string"}}],"inLanguage":"en-US"},{"@type":"Organization","@id":"https:\/\/www.value-marktdaten.de\/en\/#organization","name":"Value AG the valuation group","url":"https:\/\/www.value-marktdaten.de\/en\/","logo":{"@type":"ImageObject","inLanguage":"en-US","@id":"https:\/\/www.value-marktdaten.de\/en\/#\/schema\/logo\/image\/","url":"","contentUrl":"","caption":"Value AG the valuation group"},"image":{"@id":"https:\/\/www.value-marktdaten.de\/en\/#\/schema\/logo\/image\/"},"sameAs":["https:\/\/x.com\/empiricaSysteme","https:\/\/www.linkedin.com\/company\/empirica-systeme-gmbh"]}]}},"_links":{"self":[{"href":"https:\/\/www.value-marktdaten.de\/en\/wp-json\/wp\/v2\/pages\/3998","targetHints":{"allow":["GET"]}}],"collection":[{"href":"https:\/\/www.value-marktdaten.de\/en\/wp-json\/wp\/v2\/pages"}],"about":[{"href":"https:\/\/www.value-marktdaten.de\/en\/wp-json\/wp\/v2\/types\/page"}],"author":[{"embeddable":true,"href":"https:\/\/www.value-marktdaten.de\/en\/wp-json\/wp\/v2\/users\/1"}],"replies":[{"embeddable":true,"href":"https:\/\/www.value-marktdaten.de\/en\/wp-json\/wp\/v2\/comments?post=3998"}],"version-history":[{"count":13,"href":"https:\/\/www.value-marktdaten.de\/en\/wp-json\/wp\/v2\/pages\/3998\/revisions"}],"predecessor-version":[{"id":55577,"href":"https:\/\/www.value-marktdaten.de\/en\/wp-json\/wp\/v2\/pages\/3998\/revisions\/55577"}],"wp:attachment":[{"href":"https:\/\/www.value-marktdaten.de\/en\/wp-json\/wp\/v2\/media?parent=3998"}],"curies":[{"name":"wp","href":"https:\/\/api.w.org\/{rel}","templated":true}]}}