{"id":208,"date":"2015-10-08T16:00:21","date_gmt":"2015-10-08T14:00:21","guid":{"rendered":"https:\/\/new.empirica-systeme.de\/?page_id=208"},"modified":"2021-10-26T23:47:33","modified_gmt":"2021-10-26T21:47:33","slug":"gewerbeimmobilienmarktdaten","status":"publish","type":"page","link":"https:\/\/www.value-marktdaten.de\/en\/portfolio\/immobilienmarktdaten\/gewerbeimmobilienmarktdaten\/","title":{"rendered":"Gewerbe&shy;immobilien&shy;marktdaten"},"content":{"rendered":"<p><span style=\"color: #333333;\">Die empirica-systeme Marktdatenbank beinhaltet f\u00fcr den Teilmarkt der Gewerbeimmobilien Informationen zu B\u00fcro- und Praxisobjekten, Lager-, Logistik- und Produktionsimmobilien, zu Handels- und Einzelhandelsimmobilien, zu Grundst\u00fccken sowie zu Gastronomie- und Freizeitimmobilien. In allen Segmenten der Marktdatenbank werden die Preis- und Mietinformationen \u00fcber umfassende Objektmerkmale erg\u00e4nzt.<\/span><\/p>\n<h2 style=\"text-align: left;\"><span style=\"color: #333333;\">B\u00fcromarktdaten <\/span><\/h2>\n<h3 style=\"text-align: left;\"><img loading=\"lazy\" decoding=\"async\" class=\"aligncenter wp-image-2204 size-full\" src=\"https:\/\/www.value-marktdaten.de\/wp-content\/uploads\/2015\/10\/gewerbeimmobilien.png\" alt=\"Miet- und Kaufpreisdaten f\u00fcr B\u00fcroimmobilien, Marktmieten B\u00fcromarkt, Renditen B\u00fcromarkt\" width=\"600\" height=\"107\" srcset=\"https:\/\/www.value-marktdaten.de\/wp-content\/uploads\/2015\/10\/gewerbeimmobilien.png 600w, https:\/\/www.value-marktdaten.de\/wp-content\/uploads\/2015\/10\/gewerbeimmobilien-300x54.png 300w, https:\/\/www.value-marktdaten.de\/wp-content\/uploads\/2015\/10\/gewerbeimmobilien-583x104.png 583w\" sizes=\"auto, (max-width: 600px) 100vw, 600px\" \/><\/h3>\n<h3 style=\"text-align: left;\"><span style=\"color: #333333;\">B\u00fcromieten, Kaufpreise und Renditekennziffern<\/span><\/h3>\n<p><span style=\"color: #333333;\">F\u00fcr den B\u00fcromarkt liefern wir pro Quartal etwa 80.000 Objekte f\u00fcr das Teilsegment B\u00fcroimmobilien zur Miete und rund 7.000 Objekte f\u00fcr das Teilsegment B\u00fcroimmobilien zum Kauf. Neben den Preis- und Mietinformationen enth\u00e4lt auch dieses Segment zahlreiche Objektmerkmale zur Qualit\u00e4t. Neben Haupt- und Nebenfl\u00e4chen sowie Informationen zur Teilbarkeit der Fl\u00e4chen sind Merkmale wie Bodenbelag, Lift, Energieverbrauch, Heizungssystem, Sanierungszustand oder Stellpl\u00e4tze verf\u00fcgbar. F\u00fcr Kaufobjekte sind auch Angaben zu den Mieteinnahmen, Renditen und Kaufpreisfaktoren abrufbar (<a href=\"https:\/\/analyst.value-marktdaten.de\/rest\/pdf\/Variablen_Uebersicht_VALUE_Marktdaten.pdf\" target=\"_blank\" rel=\"noopener\">Variablen\u00fcbersicht<\/a>).<\/span><\/p>\n<p><span style=\"color: #333333;\">Wie auch im Wohnimmobilienbereich erfolgt eine Bereinigung um Zwangsversteigerungen, eine Bereinigung um Pauschalmietangaben ist je nach individueller Handhabung m\u00f6glich. Innerhalb des Segmentes ist nach Objekttyp (Einheit oder Geb\u00e4ude) differenzierbar.<\/span><\/p>\n<p><a class=\"button-minimal\" href=\"https:\/\/www.value-marktdaten.de\/portfolio\/empirica-systeme-marktdatenbank\/\">zur\u00fcck zur Marktdatenbank<\/a><\/p>\n<h2 style=\"text-align: left;\"><span style=\"color: #333333;\">Preisdaten zu Logistikimmobilien<\/span><\/h2>\n<h3 style=\"text-align: left;\"><img loading=\"lazy\" decoding=\"async\" class=\"aligncenter wp-image-2204 size-full\" src=\"https:\/\/www.value-marktdaten.de\/wp-content\/uploads\/2015\/10\/gewerbeimmobilien.png\" alt=\"Mietdaten f\u00fcr Logistik, Kaufpreisdaten f\u00fcr Logistikimmobilien, Angebotspreise f\u00fcr Logistikimobilien, Angebotspreise f\u00fcr Logistik und Lagerimmobilien, Industireimmobilien, Produktionsimmobilien\" width=\"600\" height=\"107\" srcset=\"https:\/\/www.value-marktdaten.de\/wp-content\/uploads\/2015\/10\/gewerbeimmobilien.png 600w, https:\/\/www.value-marktdaten.de\/wp-content\/uploads\/2015\/10\/gewerbeimmobilien-300x54.png 300w, https:\/\/www.value-marktdaten.de\/wp-content\/uploads\/2015\/10\/gewerbeimmobilien-583x104.png 583w\" sizes=\"auto, (max-width: 600px) 100vw, 600px\" \/><\/h3>\n<h3 style=\"text-align: left;\"><span style=\"color: #333333;\">Marktmieten, Kaufpreise und Renditekennziffern<\/span><\/h3>\n<p style=\"text-align: left;\"><span style=\"color: #333333;\">F\u00fcr das Segment der Lager- und Produktionsimmobilien bieten wir je Quartal etwa 12.000 Objekte f\u00fcr den Teilmarkt Miete und 4.000 Objekte f\u00fcr den Teilmarkt Kauf. Das Segment enth\u00e4lt Angaben zu Mieten und Kaufpreisen sowie teilmarktspezifisch zu Nebenkosten und Mieteinnahmen bzw. Renditen. <\/span><\/p>\n<p><span style=\"color: #333333;\">Au\u00dferdem sind Informationen zu den Teilfl\u00e4chen (z.B. Lagerfl\u00e4che, B\u00fcro\/Verwaltungsfl\u00e4che, Au\u00dfenfl\u00e4chen) zu spezifischen Merkmalen wie Rampe, Lastenaufzug oder Toren sowie Informationen zum baulichen Zustand abrufbar. Auch hier erfolgt eine Differenzierung nach Objekttyp (Teileinheit oder Geb\u00e4ude) sowie eine Bereinigung um Zwangsversteigerungsobjekte<\/span> (<a href=\"https:\/\/analyst.value-marktdaten.de\/rest\/pdf\/Variablen_Uebersicht_VALUE_Marktdaten.pdf\" target=\"_blank\" rel=\"noopener\">Variablen\u00fcbersicht<\/a>).<\/p>\n<p><a class=\"button-minimal\" href=\"https:\/\/www.value-marktdaten.de\/portfolio\/empirica-systeme-marktdatenbank\/\">zur\u00fcck zur Marktdatenbank<\/a><\/p>\n<h2 style=\"text-align: left;\"><span style=\"color: #333333;\">Preisdaten zu Handelsimmobilien <\/span><\/h2>\n<h3 style=\"text-align: left;\"><img loading=\"lazy\" decoding=\"async\" class=\"aligncenter wp-image-2204 size-full\" src=\"https:\/\/www.value-marktdaten.de\/wp-content\/uploads\/2015\/10\/gewerbeimmobilien.png\" alt=\"Preisdaten f\u00fcr EInzelhandelsimmobilien, Preisdaten f\u00fcr Ladenlokale, Preise f\u00fcr Gesch\u00e4ftsh\u00e4user, Mietdaten f\u00fcr Einzelhandel, Angebotspreise f\u00fcr Einzelhandlesimmobilien, Renditen von Einzelhandlesimmobilien\" width=\"600\" height=\"107\" srcset=\"https:\/\/www.value-marktdaten.de\/wp-content\/uploads\/2015\/10\/gewerbeimmobilien.png 600w, https:\/\/www.value-marktdaten.de\/wp-content\/uploads\/2015\/10\/gewerbeimmobilien-300x54.png 300w, https:\/\/www.value-marktdaten.de\/wp-content\/uploads\/2015\/10\/gewerbeimmobilien-583x104.png 583w\" sizes=\"auto, (max-width: 600px) 100vw, 600px\" \/><\/h3>\n<h3 style=\"text-align: left;\"><span style=\"color: #333333;\">Marktmieten, Kaufpreise und Renditekennziffern<\/span><\/h3>\n<p><span style=\"color: #333333;\">F\u00fcr den Handelsimmobilienmarkt bieten wir pro Quartal etwa 27.000 Objekte f\u00fcr das Teilsegment Handelsimmobilien zur Miete und rund 7.000 Objekte f\u00fcr das Teilsegment Handelsimmobilien zum Kauf. Neben den Preis- und Mietinformationen enth\u00e4lt auch dieses Segment zahlreiche Objektmerkmale zur Qualit\u00e4t. Neben Haupt- und Nebenfl\u00e4chen (Verkaufsfl\u00e4che\/Lagerfl\u00e4che) sowie Informationen zur Teilbarkeit der Fl\u00e4chen sind Merkmale zum Baujahr und der Gesch\u00e4ftslage vorhanden<\/span> (<a href=\"https:\/\/analyst.value-marktdaten.de\/rest\/pdf\/Variablen_Uebersicht_VALUE_Marktdaten.pdf\" target=\"_blank\" rel=\"noopener\">Variablen\u00fcbersicht<\/a>).<\/p>\n<p><a class=\"button-minimal\" href=\"https:\/\/www.value-marktdaten.de\/portfolio\/empirica-systeme-marktdatenbank\/\">zur\u00fcck zur Marktdatenbank<\/a><\/p>\n","protected":false},"excerpt":{"rendered":"<p>Die empirica-systeme Marktdatenbank beinhaltet f\u00fcr den Teilmarkt der Gewerbeimmobilien Informationen zu B\u00fcro- und Praxisobjekten, Lager-, Logistik- und Produktionsimmobilien, zu Handels- und Einzelhandelsimmobilien, zu Grundst\u00fccken sowie zu Gastronomie- und Freizeitimmobilien. In allen Segmenten der Marktdatenbank werden die Preis- und Mietinformationen \u00fcber umfassende Objektmerkmale erg\u00e4nzt. B\u00fcromarktdaten B\u00fcromieten, Kaufpreise und Renditekennziffern F\u00fcr den B\u00fcromarkt liefern wir pro Quartal&hellip;<\/p>\n","protected":false},"author":2,"featured_media":2204,"parent":32,"menu_order":-9,"comment_status":"closed","ping_status":"closed","template":"","meta":{"footnotes":""},"class_list":["post-208","page","type-page","status-publish","has-post-thumbnail","hentry"],"yoast_head":"<!-- This site is optimized with the Yoast SEO plugin v27.4 - https:\/\/yoast.com\/product\/yoast-seo-wordpress\/ -->\n<title>Gewerbe&shy;immobilien&shy;marktdaten - Value AG the valuation group<\/title>\n<meta name=\"robots\" content=\"index, follow, max-snippet:-1, max-image-preview:large, max-video-preview:-1\" \/>\n<link rel=\"canonical\" href=\"https:\/\/www.value-marktdaten.de\/en\/portfolio\/immobilienmarktdaten\/gewerbeimmobilienmarktdaten\/\" \/>\n<meta property=\"og:locale\" content=\"en_US\" \/>\n<meta property=\"og:type\" content=\"article\" \/>\n<meta property=\"og:title\" content=\"Gewerbe&shy;immobilien&shy;marktdaten - Value AG the valuation group\" \/>\n<meta property=\"og:description\" content=\"Die empirica-systeme Marktdatenbank beinhaltet f\u00fcr den Teilmarkt der Gewerbeimmobilien Informationen zu B\u00fcro- und Praxisobjekten, Lager-, Logistik- und Produktionsimmobilien, zu Handels- und Einzelhandelsimmobilien, zu Grundst\u00fccken sowie zu Gastronomie- und Freizeitimmobilien. In allen Segmenten der Marktdatenbank werden die Preis- und Mietinformationen \u00fcber umfassende Objektmerkmale erg\u00e4nzt. B\u00fcromarktdaten B\u00fcromieten, Kaufpreise und Renditekennziffern F\u00fcr den B\u00fcromarkt liefern wir pro Quartal&hellip;\" \/>\n<meta property=\"og:url\" content=\"https:\/\/www.value-marktdaten.de\/en\/portfolio\/immobilienmarktdaten\/gewerbeimmobilienmarktdaten\/\" \/>\n<meta property=\"og:site_name\" content=\"Value AG the valuation group\" \/>\n<meta property=\"article:modified_time\" content=\"2021-10-26T21:47:33+00:00\" \/>\n<meta property=\"og:image\" content=\"https:\/\/www.value-marktdaten.de\/wp-content\/uploads\/2015\/10\/gewerbeimmobilien.png\" \/>\n\t<meta property=\"og:image:width\" content=\"600\" \/>\n\t<meta property=\"og:image:height\" content=\"107\" \/>\n\t<meta property=\"og:image:type\" content=\"image\/png\" \/>\n<meta name=\"twitter:card\" content=\"summary_large_image\" \/>\n<meta name=\"twitter:site\" content=\"@empiricaSysteme\" \/>\n<meta name=\"twitter:label1\" content=\"Est. reading time\" \/>\n\t<meta name=\"twitter:data1\" content=\"2 minutes\" \/>\n<script type=\"application\/ld+json\" class=\"yoast-schema-graph\">{\"@context\":\"https:\\\/\\\/schema.org\",\"@graph\":[{\"@type\":\"WebPage\",\"@id\":\"https:\\\/\\\/www.value-marktdaten.de\\\/en\\\/portfolio\\\/immobilienmarktdaten\\\/gewerbeimmobilienmarktdaten\\\/\",\"url\":\"https:\\\/\\\/www.value-marktdaten.de\\\/en\\\/portfolio\\\/immobilienmarktdaten\\\/gewerbeimmobilienmarktdaten\\\/\",\"name\":\"Gewerbe&shy;immobilien&shy;marktdaten - Value AG the valuation group\",\"isPartOf\":{\"@id\":\"https:\\\/\\\/www.value-marktdaten.de\\\/en\\\/#website\"},\"primaryImageOfPage\":{\"@id\":\"https:\\\/\\\/www.value-marktdaten.de\\\/en\\\/portfolio\\\/immobilienmarktdaten\\\/gewerbeimmobilienmarktdaten\\\/#primaryimage\"},\"image\":{\"@id\":\"https:\\\/\\\/www.value-marktdaten.de\\\/en\\\/portfolio\\\/immobilienmarktdaten\\\/gewerbeimmobilienmarktdaten\\\/#primaryimage\"},\"thumbnailUrl\":\"https:\\\/\\\/www.value-marktdaten.de\\\/wp-content\\\/uploads\\\/2015\\\/10\\\/gewerbeimmobilien.png\",\"datePublished\":\"2015-10-08T14:00:21+00:00\",\"dateModified\":\"2021-10-26T21:47:33+00:00\",\"breadcrumb\":{\"@id\":\"https:\\\/\\\/www.value-marktdaten.de\\\/en\\\/portfolio\\\/immobilienmarktdaten\\\/gewerbeimmobilienmarktdaten\\\/#breadcrumb\"},\"inLanguage\":\"en-US\",\"potentialAction\":[{\"@type\":\"ReadAction\",\"target\":[\"https:\\\/\\\/www.value-marktdaten.de\\\/en\\\/portfolio\\\/immobilienmarktdaten\\\/gewerbeimmobilienmarktdaten\\\/\"]}]},{\"@type\":\"ImageObject\",\"inLanguage\":\"en-US\",\"@id\":\"https:\\\/\\\/www.value-marktdaten.de\\\/en\\\/portfolio\\\/immobilienmarktdaten\\\/gewerbeimmobilienmarktdaten\\\/#primaryimage\",\"url\":\"https:\\\/\\\/www.value-marktdaten.de\\\/wp-content\\\/uploads\\\/2015\\\/10\\\/gewerbeimmobilien.png\",\"contentUrl\":\"https:\\\/\\\/www.value-marktdaten.de\\\/wp-content\\\/uploads\\\/2015\\\/10\\\/gewerbeimmobilien.png\",\"width\":600,\"height\":107},{\"@type\":\"BreadcrumbList\",\"@id\":\"https:\\\/\\\/www.value-marktdaten.de\\\/en\\\/portfolio\\\/immobilienmarktdaten\\\/gewerbeimmobilienmarktdaten\\\/#breadcrumb\",\"itemListElement\":[{\"@type\":\"ListItem\",\"position\":1,\"name\":\"Startseite\",\"item\":\"https:\\\/\\\/www.value-marktdaten.de\\\/en\\\/\"},{\"@type\":\"ListItem\",\"position\":2,\"name\":\"Portfolio\",\"item\":\"https:\\\/\\\/www.value-marktdaten.de\\\/en\\\/portfolio\\\/\"},{\"@type\":\"ListItem\",\"position\":3,\"name\":\"VALUE Markt&shy;datenbank\",\"item\":\"https:\\\/\\\/www.value-marktdaten.de\\\/en\\\/portfolio\\\/immobilienmarktdaten\\\/\"},{\"@type\":\"ListItem\",\"position\":4,\"name\":\"Gewerbe&shy;immobilien&shy;marktdaten\"}]},{\"@type\":\"WebSite\",\"@id\":\"https:\\\/\\\/www.value-marktdaten.de\\\/en\\\/#website\",\"url\":\"https:\\\/\\\/www.value-marktdaten.de\\\/en\\\/\",\"name\":\"Value AG the valuation group\",\"description\":\"Immobilienmarktdaten f\u00fcr Deutschland\",\"publisher\":{\"@id\":\"https:\\\/\\\/www.value-marktdaten.de\\\/en\\\/#organization\"},\"potentialAction\":[{\"@type\":\"SearchAction\",\"target\":{\"@type\":\"EntryPoint\",\"urlTemplate\":\"https:\\\/\\\/www.value-marktdaten.de\\\/en\\\/?s={search_term_string}\"},\"query-input\":{\"@type\":\"PropertyValueSpecification\",\"valueRequired\":true,\"valueName\":\"search_term_string\"}}],\"inLanguage\":\"en-US\"},{\"@type\":\"Organization\",\"@id\":\"https:\\\/\\\/www.value-marktdaten.de\\\/en\\\/#organization\",\"name\":\"Value AG the valuation group\",\"url\":\"https:\\\/\\\/www.value-marktdaten.de\\\/en\\\/\",\"logo\":{\"@type\":\"ImageObject\",\"inLanguage\":\"en-US\",\"@id\":\"https:\\\/\\\/www.value-marktdaten.de\\\/en\\\/#\\\/schema\\\/logo\\\/image\\\/\",\"url\":\"\",\"contentUrl\":\"\",\"caption\":\"Value AG the valuation group\"},\"image\":{\"@id\":\"https:\\\/\\\/www.value-marktdaten.de\\\/en\\\/#\\\/schema\\\/logo\\\/image\\\/\"},\"sameAs\":[\"https:\\\/\\\/x.com\\\/empiricaSysteme\",\"https:\\\/\\\/www.linkedin.com\\\/company\\\/empirica-systeme-gmbh\"]}]}<\/script>\n<!-- \/ Yoast SEO plugin. -->","yoast_head_json":{"title":"Gewerbe&shy;immobilien&shy;marktdaten - Value AG the valuation group","robots":{"index":"index","follow":"follow","max-snippet":"max-snippet:-1","max-image-preview":"max-image-preview:large","max-video-preview":"max-video-preview:-1"},"canonical":"https:\/\/www.value-marktdaten.de\/en\/portfolio\/immobilienmarktdaten\/gewerbeimmobilienmarktdaten\/","og_locale":"en_US","og_type":"article","og_title":"Gewerbe&shy;immobilien&shy;marktdaten - Value AG the valuation group","og_description":"Die empirica-systeme Marktdatenbank beinhaltet f\u00fcr den Teilmarkt der Gewerbeimmobilien Informationen zu B\u00fcro- und Praxisobjekten, Lager-, Logistik- und Produktionsimmobilien, zu Handels- und Einzelhandelsimmobilien, zu Grundst\u00fccken sowie zu Gastronomie- und Freizeitimmobilien. In allen Segmenten der Marktdatenbank werden die Preis- und Mietinformationen \u00fcber umfassende Objektmerkmale erg\u00e4nzt. B\u00fcromarktdaten B\u00fcromieten, Kaufpreise und Renditekennziffern F\u00fcr den B\u00fcromarkt liefern wir pro Quartal&hellip;","og_url":"https:\/\/www.value-marktdaten.de\/en\/portfolio\/immobilienmarktdaten\/gewerbeimmobilienmarktdaten\/","og_site_name":"Value AG the valuation group","article_modified_time":"2021-10-26T21:47:33+00:00","og_image":[{"width":600,"height":107,"url":"https:\/\/www.value-marktdaten.de\/wp-content\/uploads\/2015\/10\/gewerbeimmobilien.png","type":"image\/png"}],"twitter_card":"summary_large_image","twitter_site":"@empiricaSysteme","twitter_misc":{"Est. reading time":"2 minutes"},"schema":{"@context":"https:\/\/schema.org","@graph":[{"@type":"WebPage","@id":"https:\/\/www.value-marktdaten.de\/en\/portfolio\/immobilienmarktdaten\/gewerbeimmobilienmarktdaten\/","url":"https:\/\/www.value-marktdaten.de\/en\/portfolio\/immobilienmarktdaten\/gewerbeimmobilienmarktdaten\/","name":"Gewerbe&shy;immobilien&shy;marktdaten - Value AG the valuation group","isPartOf":{"@id":"https:\/\/www.value-marktdaten.de\/en\/#website"},"primaryImageOfPage":{"@id":"https:\/\/www.value-marktdaten.de\/en\/portfolio\/immobilienmarktdaten\/gewerbeimmobilienmarktdaten\/#primaryimage"},"image":{"@id":"https:\/\/www.value-marktdaten.de\/en\/portfolio\/immobilienmarktdaten\/gewerbeimmobilienmarktdaten\/#primaryimage"},"thumbnailUrl":"https:\/\/www.value-marktdaten.de\/wp-content\/uploads\/2015\/10\/gewerbeimmobilien.png","datePublished":"2015-10-08T14:00:21+00:00","dateModified":"2021-10-26T21:47:33+00:00","breadcrumb":{"@id":"https:\/\/www.value-marktdaten.de\/en\/portfolio\/immobilienmarktdaten\/gewerbeimmobilienmarktdaten\/#breadcrumb"},"inLanguage":"en-US","potentialAction":[{"@type":"ReadAction","target":["https:\/\/www.value-marktdaten.de\/en\/portfolio\/immobilienmarktdaten\/gewerbeimmobilienmarktdaten\/"]}]},{"@type":"ImageObject","inLanguage":"en-US","@id":"https:\/\/www.value-marktdaten.de\/en\/portfolio\/immobilienmarktdaten\/gewerbeimmobilienmarktdaten\/#primaryimage","url":"https:\/\/www.value-marktdaten.de\/wp-content\/uploads\/2015\/10\/gewerbeimmobilien.png","contentUrl":"https:\/\/www.value-marktdaten.de\/wp-content\/uploads\/2015\/10\/gewerbeimmobilien.png","width":600,"height":107},{"@type":"BreadcrumbList","@id":"https:\/\/www.value-marktdaten.de\/en\/portfolio\/immobilienmarktdaten\/gewerbeimmobilienmarktdaten\/#breadcrumb","itemListElement":[{"@type":"ListItem","position":1,"name":"Startseite","item":"https:\/\/www.value-marktdaten.de\/en\/"},{"@type":"ListItem","position":2,"name":"Portfolio","item":"https:\/\/www.value-marktdaten.de\/en\/portfolio\/"},{"@type":"ListItem","position":3,"name":"VALUE Markt&shy;datenbank","item":"https:\/\/www.value-marktdaten.de\/en\/portfolio\/immobilienmarktdaten\/"},{"@type":"ListItem","position":4,"name":"Gewerbe&shy;immobilien&shy;marktdaten"}]},{"@type":"WebSite","@id":"https:\/\/www.value-marktdaten.de\/en\/#website","url":"https:\/\/www.value-marktdaten.de\/en\/","name":"Value AG the valuation group","description":"Immobilienmarktdaten f\u00fcr Deutschland","publisher":{"@id":"https:\/\/www.value-marktdaten.de\/en\/#organization"},"potentialAction":[{"@type":"SearchAction","target":{"@type":"EntryPoint","urlTemplate":"https:\/\/www.value-marktdaten.de\/en\/?s={search_term_string}"},"query-input":{"@type":"PropertyValueSpecification","valueRequired":true,"valueName":"search_term_string"}}],"inLanguage":"en-US"},{"@type":"Organization","@id":"https:\/\/www.value-marktdaten.de\/en\/#organization","name":"Value AG the valuation group","url":"https:\/\/www.value-marktdaten.de\/en\/","logo":{"@type":"ImageObject","inLanguage":"en-US","@id":"https:\/\/www.value-marktdaten.de\/en\/#\/schema\/logo\/image\/","url":"","contentUrl":"","caption":"Value AG the valuation group"},"image":{"@id":"https:\/\/www.value-marktdaten.de\/en\/#\/schema\/logo\/image\/"},"sameAs":["https:\/\/x.com\/empiricaSysteme","https:\/\/www.linkedin.com\/company\/empirica-systeme-gmbh"]}]}},"_links":{"self":[{"href":"https:\/\/www.value-marktdaten.de\/en\/wp-json\/wp\/v2\/pages\/208","targetHints":{"allow":["GET"]}}],"collection":[{"href":"https:\/\/www.value-marktdaten.de\/en\/wp-json\/wp\/v2\/pages"}],"about":[{"href":"https:\/\/www.value-marktdaten.de\/en\/wp-json\/wp\/v2\/types\/page"}],"author":[{"embeddable":true,"href":"https:\/\/www.value-marktdaten.de\/en\/wp-json\/wp\/v2\/users\/2"}],"replies":[{"embeddable":true,"href":"https:\/\/www.value-marktdaten.de\/en\/wp-json\/wp\/v2\/comments?post=208"}],"version-history":[{"count":22,"href":"https:\/\/www.value-marktdaten.de\/en\/wp-json\/wp\/v2\/pages\/208\/revisions"}],"predecessor-version":[{"id":37978,"href":"https:\/\/www.value-marktdaten.de\/en\/wp-json\/wp\/v2\/pages\/208\/revisions\/37978"}],"up":[{"embeddable":true,"href":"https:\/\/www.value-marktdaten.de\/en\/wp-json\/wp\/v2\/pages\/32"}],"wp:featuredmedia":[{"embeddable":true,"href":"https:\/\/www.value-marktdaten.de\/en\/wp-json\/wp\/v2\/media\/2204"}],"wp:attachment":[{"href":"https:\/\/www.value-marktdaten.de\/en\/wp-json\/wp\/v2\/media?parent=208"}],"curies":[{"name":"wp","href":"https:\/\/api.w.org\/{rel}","templated":true}]}}